{"id":598,"date":"2023-10-06T11:49:40","date_gmt":"2023-10-06T14:49:40","guid":{"rendered":"https:\/\/agenciazaion.com.br\/oliveirafoundation\/?page_id=598"},"modified":"2023-11-15T16:32:50","modified_gmt":"2023-11-15T19:32:50","slug":"nossa-causa","status":"publish","type":"page","link":"https:\/\/agenciazaion.com.br\/oliveirafoundation\/nossa-causa\/","title":{"rendered":"Nossa Causa"},"content":{"rendered":"\t\t<div data-elementor-type=\"wp-page\" data-elementor-id=\"598\" class=\"elementor elementor-598\" data-elementor-post-type=\"page\">\n\t\t\t\t\t\t\t\t\t<section class=\"elementor-section elementor-top-section elementor-element elementor-element-416ad08 elementor-section-boxed elementor-section-height-default elementor-section-height-default\" data-id=\"416ad08\" data-element_type=\"section\" data-settings=\"{&quot;background_background&quot;:&quot;classic&quot;}\">\n\t\t\t\t\t\t\t<div class=\"elementor-background-overlay\"><\/div>\n\t\t\t\t\t\t\t<div class=\"elementor-container elementor-column-gap-default\">\n\t\t\t\t\t<div class=\"elementor-column elementor-col-100 elementor-top-column elementor-element elementor-element-b2ad3ba\" data-id=\"b2ad3ba\" data-element_type=\"column\">\n\t\t\t<div class=\"elementor-widget-wrap elementor-element-populated\">\n\t\t\t\t\t\t\t\t<div class=\"elementor-element elementor-element-0a7b17f elementor-widget elementor-widget-heading\" data-id=\"0a7b17f\" data-element_type=\"widget\" data-widget_type=\"heading.default\">\n\t\t\t\t<div class=\"elementor-widget-container\">\n\t\t\t<style>\/*! elementor - v3.15.0 - 20-08-2023 *\/\n.elementor-heading-title{padding:0;margin:0;line-height:1}.elementor-widget-heading .elementor-heading-title[class*=elementor-size-]>a{color:inherit;font-size:inherit;line-height:inherit}.elementor-widget-heading .elementor-heading-title.elementor-size-small{font-size:15px}.elementor-widget-heading .elementor-heading-title.elementor-size-medium{font-size:19px}.elementor-widget-heading .elementor-heading-title.elementor-size-large{font-size:29px}.elementor-widget-heading .elementor-heading-title.elementor-size-xl{font-size:39px}.elementor-widget-heading .elementor-heading-title.elementor-size-xxl{font-size:59px}<\/style><h2 class=\"elementor-heading-title elementor-size-default\">Nossa Causa<\/h2>\t\t<\/div>\n\t\t\t\t<\/div>\n\t\t\t\t<div class=\"elementor-element elementor-element-3906e10 elementor-icon-list--layout-inline elementor-align-center elementor-list-item-link-full_width elementor-widget elementor-widget-icon-list\" data-id=\"3906e10\" data-element_type=\"widget\" data-widget_type=\"icon-list.default\">\n\t\t\t\t<div class=\"elementor-widget-container\">\n\t\t\t<link rel=\"stylesheet\" href=\"https:\/\/agenciazaion.com.br\/oliveirafoundation\/wp-content\/plugins\/elementor\/assets\/css\/widget-icon-list.min.css\">\t\t<ul class=\"elementor-icon-list-items elementor-inline-items\">\n\t\t\t\t\t\t\t<li class=\"elementor-icon-list-item elementor-inline-item\">\n\t\t\t\t\t\t\t\t\t\t\t<a href=\"https:\/\/agenciazaion.com.br\/oliveirafoundation\">\n\n\t\t\t\t\t\t\t\t\t\t\t<span class=\"elementor-icon-list-text\">Home<\/span>\n\t\t\t\t\t\t\t\t\t\t\t<\/a>\n\t\t\t\t\t\t\t\t\t<\/li>\n\t\t\t\t\t\t\t\t<li class=\"elementor-icon-list-item elementor-inline-item\">\n\t\t\t\t\t\t\t\t\t\t\t<span class=\"elementor-icon-list-icon\">\n\t\t\t\t\t\t\t<i aria-hidden=\"true\" class=\"fas fa-chevron-right\"><\/i>\t\t\t\t\t\t<\/span>\n\t\t\t\t\t\t\t\t\t\t<span class=\"elementor-icon-list-text\">Nossa Causa<\/span>\n\t\t\t\t\t\t\t\t\t<\/li>\n\t\t\t\t\t\t<\/ul>\n\t\t\t\t<\/div>\n\t\t\t\t<\/div>\n\t\t\t\t\t<\/div>\n\t\t<\/div>\n\t\t\t\t\t\t\t<\/div>\n\t\t<\/section>\n\t\t\t\t<section class=\"elementor-section elementor-top-section elementor-element elementor-element-1bf011e elementor-reverse-tablet elementor-reverse-mobile elementor-section-boxed elementor-section-height-default elementor-section-height-default\" data-id=\"1bf011e\" data-element_type=\"section\">\n\t\t\t\t\t\t<div class=\"elementor-container elementor-column-gap-default\">\n\t\t\t\t\t<div class=\"elementor-column elementor-col-50 elementor-top-column elementor-element elementor-element-5f13b44\" data-id=\"5f13b44\" data-element_type=\"column\">\n\t\t\t<div class=\"elementor-widget-wrap elementor-element-populated\">\n\t\t\t\t\t\t\t\t<div class=\"elementor-element elementor-element-aa70f7d elementor-widget__width-initial elementor-widget-tablet__width-initial elementor-widget elementor-widget-image\" data-id=\"aa70f7d\" data-element_type=\"widget\" data-widget_type=\"image.default\">\n\t\t\t\t<div class=\"elementor-widget-container\">\n\t\t\t<style>\/*! elementor - v3.15.0 - 20-08-2023 *\/\n.elementor-widget-image{text-align:center}.elementor-widget-image a{display:inline-block}.elementor-widget-image a img[src$=\".svg\"]{width:48px}.elementor-widget-image img{vertical-align:middle;display:inline-block}<\/style>\t\t\t\t\t\t\t\t\t\t\t\t<img loading=\"lazy\" width=\"1066\" height=\"1600\" src=\"https:\/\/agenciazaion.com.br\/oliveirafoundation\/wp-content\/uploads\/2023\/09\/6d5b9783-5d9d-478c-a041-e9abc4e89d2a.webp\" class=\"attachment-full size-full wp-image-423\" alt=\"\" decoding=\"async\" srcset=\"https:\/\/agenciazaion.com.br\/oliveirafoundation\/wp-content\/uploads\/2023\/09\/6d5b9783-5d9d-478c-a041-e9abc4e89d2a.webp 1066w, https:\/\/agenciazaion.com.br\/oliveirafoundation\/wp-content\/uploads\/2023\/09\/6d5b9783-5d9d-478c-a041-e9abc4e89d2a-600x901.webp 600w, https:\/\/agenciazaion.com.br\/oliveirafoundation\/wp-content\/uploads\/2023\/09\/6d5b9783-5d9d-478c-a041-e9abc4e89d2a-200x300.webp 200w, https:\/\/agenciazaion.com.br\/oliveirafoundation\/wp-content\/uploads\/2023\/09\/6d5b9783-5d9d-478c-a041-e9abc4e89d2a-682x1024.webp 682w, https:\/\/agenciazaion.com.br\/oliveirafoundation\/wp-content\/uploads\/2023\/09\/6d5b9783-5d9d-478c-a041-e9abc4e89d2a-768x1153.webp 768w, https:\/\/agenciazaion.com.br\/oliveirafoundation\/wp-content\/uploads\/2023\/09\/6d5b9783-5d9d-478c-a041-e9abc4e89d2a-1023x1536.webp 1023w\" sizes=\"(max-width: 1066px) 100vw, 1066px\" \/>\t\t\t\t\t\t\t\t\t\t\t\t\t\t\t<\/div>\n\t\t\t\t<\/div>\n\t\t\t\t\t<\/div>\n\t\t<\/div>\n\t\t\t\t<div class=\"elementor-column elementor-col-50 elementor-top-column elementor-element elementor-element-2f5c753\" data-id=\"2f5c753\" data-element_type=\"column\">\n\t\t\t<div class=\"elementor-widget-wrap elementor-element-populated\">\n\t\t\t\t\t\t\t\t<div class=\"elementor-element elementor-element-758ff26 elementor-widget elementor-widget-heading\" data-id=\"758ff26\" data-element_type=\"widget\" data-widget_type=\"heading.default\">\n\t\t\t\t<div class=\"elementor-widget-container\">\n\t\t\t<h2 class=\"elementor-heading-title elementor-size-default\">Por que a Oliveira Foundation trabalha no despertar de uma nova MENTALIDADE?<\/h2>\t\t<\/div>\n\t\t\t\t<\/div>\n\t\t\t\t<div class=\"elementor-element elementor-element-40ee391 elementor-widget elementor-widget-text-editor\" data-id=\"40ee391\" data-element_type=\"widget\" data-widget_type=\"text-editor.default\">\n\t\t\t\t<div class=\"elementor-widget-container\">\n\t\t\t<style>\/*! elementor - v3.15.0 - 20-08-2023 *\/\n.elementor-widget-text-editor.elementor-drop-cap-view-stacked .elementor-drop-cap{background-color:#69727d;color:#fff}.elementor-widget-text-editor.elementor-drop-cap-view-framed .elementor-drop-cap{color:#69727d;border:3px solid;background-color:transparent}.elementor-widget-text-editor:not(.elementor-drop-cap-view-default) .elementor-drop-cap{margin-top:8px}.elementor-widget-text-editor:not(.elementor-drop-cap-view-default) .elementor-drop-cap-letter{width:1em;height:1em}.elementor-widget-text-editor .elementor-drop-cap{float:left;text-align:center;line-height:1;font-size:50px}.elementor-widget-text-editor .elementor-drop-cap-letter{display:inline-block}<\/style>\t\t\t\t<p>Por uma raz\u00e3o fundamental: cada pessoa possui uma hist\u00f3ria moldada por suas a\u00e7\u00f5es ao longo do tempo. Essas a\u00e7\u00f5es s\u00e3o reflexo do aprendizado de vida, incorporando tudo que a pessoa viu, ouviu e sentiu em cada situa\u00e7\u00e3o. Esse conjunto de experi\u00eancias forma a MENTALIDADE de uma pessoa, que \u00e9, em ess\u00eancia, o conjunto de suas cren\u00e7as mais profundas.<\/p><p>A renomada escritora Carol Dweck, ph.D. em psicologia, professora na Universidade de Stanford, e autora do livro &#8220;Mindset&#8221;, esclarece que a MENTALIDADE \u00e9 crucial, pois a opini\u00e3o que adotamos sobre n\u00f3s mesmos tem um impacto profundo na maneira como conduzimos nossas vidas. Ela afeta todos os resultados, tanto pessoais quanto profissionais.<\/p>\t\t\t\t\t\t<\/div>\n\t\t\t\t<\/div>\n\t\t\t\t\t<\/div>\n\t\t<\/div>\n\t\t\t\t\t\t\t<\/div>\n\t\t<\/section>\n\t\t\t\t<section class=\"elementor-section elementor-top-section elementor-element elementor-element-62c00a2 elementor-reverse-tablet elementor-reverse-mobile elementor-section-boxed elementor-section-height-default elementor-section-height-default\" data-id=\"62c00a2\" data-element_type=\"section\">\n\t\t\t\t\t\t<div class=\"elementor-container elementor-column-gap-default\">\n\t\t\t\t\t<div class=\"elementor-column elementor-col-50 elementor-top-column elementor-element elementor-element-77e3c70\" data-id=\"77e3c70\" data-element_type=\"column\">\n\t\t\t<div class=\"elementor-widget-wrap elementor-element-populated\">\n\t\t\t\t\t\t\t\t<div class=\"elementor-element elementor-element-ee96e47 elementor-widget elementor-widget-text-editor\" data-id=\"ee96e47\" data-element_type=\"widget\" data-widget_type=\"text-editor.default\">\n\t\t\t\t<div class=\"elementor-widget-container\">\n\t\t\t\t\t\t\t<p>Essas cren\u00e7as s\u00e3o notavelmente poderosas, pois se desenvolvem ao longo de toda a vida, seja por meio de repeti\u00e7\u00f5es constantes, como aquilo que ouvimos com frequ\u00eancia ou fazemos repetidamente, ou por impactos emocionais intensos, que podem transformar uma \u00fanica experi\u00eancia em uma convic\u00e7\u00e3o enraizada. Assim, a MENTALIDADE orienta como agimos e reagimos, e colhemos os frutos das sementes que plantamos. Se estamos satisfeitos com os resultados que alcan\u00e7amos, \u00e9 poss\u00edvel refor\u00e7ar nossos comportamentos e desenvolver novas habilidades para continuar a melhorar. No entanto, se n\u00e3o estamos satisfeitos, temos a capacidade de mudar as cren\u00e7as em quest\u00e3o, agindo de maneira diferente e colhendo frutos distintos.<\/p><p>A Oliveira Foundation entra na vida das pessoas para despertar essa nova MENTALIDADE. Acreditamos que o despertar de uma nova MENTALIDADE pode capacitar as pessoas a criar uma nova realidade. Nossa miss\u00e3o \u00e9 desenvolver auto lideran\u00e7a, habilidades interpessoais, emocionais e de lideran\u00e7a em crian\u00e7as, adolescentes, educadores e l\u00edderes sociais em situa\u00e7\u00e3o de vulnerabilidade social, capacitando-os para alcan\u00e7ar seu potencial, contribuir positivamente para a sociedade e promover a transforma\u00e7\u00e3o. Isso \u00e9 o cerne do que fazemos por meio de nossos Programas Educacionais.<\/p>\t\t\t\t\t\t<\/div>\n\t\t\t\t<\/div>\n\t\t\t\t\t<\/div>\n\t\t<\/div>\n\t\t\t\t<div class=\"elementor-column elementor-col-50 elementor-top-column elementor-element elementor-element-985cbf4\" data-id=\"985cbf4\" data-element_type=\"column\">\n\t\t\t<div class=\"elementor-widget-wrap elementor-element-populated\">\n\t\t\t\t\t\t\t\t<div class=\"elementor-element elementor-element-6a4dc92 elementor-widget__width-initial elementor-widget-tablet__width-initial elementor-widget elementor-widget-image\" data-id=\"6a4dc92\" data-element_type=\"widget\" data-widget_type=\"image.default\">\n\t\t\t\t<div class=\"elementor-widget-container\">\n\t\t\t\t\t\t\t\t\t\t\t\t\t\t\t<img loading=\"lazy\" width=\"1440\" height=\"2560\" src=\"https:\/\/agenciazaion.com.br\/oliveirafoundation\/wp-content\/uploads\/2023\/09\/ceu-no-sertao-5-scaled.webp\" class=\"attachment-full size-full wp-image-249\" alt=\"\" decoding=\"async\" srcset=\"https:\/\/agenciazaion.com.br\/oliveirafoundation\/wp-content\/uploads\/2023\/09\/ceu-no-sertao-5-scaled.webp 1440w, https:\/\/agenciazaion.com.br\/oliveirafoundation\/wp-content\/uploads\/2023\/09\/ceu-no-sertao-5-scaled-600x1067.webp 600w, https:\/\/agenciazaion.com.br\/oliveirafoundation\/wp-content\/uploads\/2023\/09\/ceu-no-sertao-5-169x300.webp 169w, https:\/\/agenciazaion.com.br\/oliveirafoundation\/wp-content\/uploads\/2023\/09\/ceu-no-sertao-5-576x1024.webp 576w, https:\/\/agenciazaion.com.br\/oliveirafoundation\/wp-content\/uploads\/2023\/09\/ceu-no-sertao-5-768x1365.webp 768w, https:\/\/agenciazaion.com.br\/oliveirafoundation\/wp-content\/uploads\/2023\/09\/ceu-no-sertao-5-864x1536.webp 864w, https:\/\/agenciazaion.com.br\/oliveirafoundation\/wp-content\/uploads\/2023\/09\/ceu-no-sertao-5-1152x2048.webp 1152w\" sizes=\"(max-width: 1440px) 100vw, 1440px\" \/>\t\t\t\t\t\t\t\t\t\t\t\t\t\t\t<\/div>\n\t\t\t\t<\/div>\n\t\t\t\t\t<\/div>\n\t\t<\/div>\n\t\t\t\t\t\t\t<\/div>\n\t\t<\/section>\n\t\t\t\t<section class=\"elementor-section elementor-top-section elementor-element elementor-element-584abc88 elementor-section-boxed elementor-section-height-default elementor-section-height-default\" data-id=\"584abc88\" data-element_type=\"section\" data-settings=\"{&quot;background_background&quot;:&quot;classic&quot;}\">\n\t\t\t\t\t\t\t<div class=\"elementor-background-overlay\"><\/div>\n\t\t\t\t\t\t\t<div class=\"elementor-container elementor-column-gap-default\">\n\t\t\t\t\t<div class=\"elementor-column elementor-col-100 elementor-top-column elementor-element elementor-element-2af24e6\" data-id=\"2af24e6\" data-element_type=\"column\">\n\t\t\t<div class=\"elementor-widget-wrap elementor-element-populated\">\n\t\t\t\t\t\t\t\t<div class=\"elementor-element elementor-element-6a282a0 elementor-widget elementor-widget-heading\" data-id=\"6a282a0\" data-element_type=\"widget\" data-widget_type=\"heading.default\">\n\t\t\t\t<div class=\"elementor-widget-container\">\n\t\t\t<h2 class=\"elementor-heading-title elementor-size-default\">Os Programas<\/h2>\t\t<\/div>\n\t\t\t\t<\/div>\n\t\t<div class=\"elementor-element elementor-element-4ef1720 e-flex e-con-boxed e-con\" data-id=\"4ef1720\" data-element_type=\"container\" data-settings=\"{&quot;content_width&quot;:&quot;boxed&quot;}\">\n\t\t\t\t\t<div class=\"e-con-inner\">\n\t\t\t\t<div class=\"elementor-element elementor-element-2ee63c3 elementor-widget elementor-widget-text-editor\" data-id=\"2ee63c3\" data-element_type=\"widget\" data-widget_type=\"text-editor.default\">\n\t\t\t\t<div class=\"elementor-widget-container\">\n\t\t\t\t\t\t\t<p style=\"text-align: center;\">Atualmente, oferecemos tr\u00eas Programas Educacionais que integram o despertar<br \/>de uma nova MENTALIDADE com auto lideran\u00e7a, habilidades interpessoais,<br \/>emocionais e de lideran\u00e7a social:<\/p>\t\t\t\t\t\t<\/div>\n\t\t\t\t<\/div>\n\t\t\t\t\t<\/div>\n\t\t\t\t<\/div>\n\t\t\t\t\t<\/div>\n\t\t<\/div>\n\t\t\t\t\t\t\t<\/div>\n\t\t<\/section>\n\t\t\t\t<section class=\"elementor-section elementor-top-section elementor-element elementor-element-5b4dc6b1 elementor-section-boxed elementor-section-height-default elementor-section-height-default\" data-id=\"5b4dc6b1\" data-element_type=\"section\">\n\t\t\t\t\t\t<div class=\"elementor-container elementor-column-gap-default\">\n\t\t\t\t\t<div class=\"elementor-column elementor-col-33 elementor-top-column elementor-element elementor-element-4e8b28f2\" data-id=\"4e8b28f2\" data-element_type=\"column\" data-settings=\"{&quot;background_background&quot;:&quot;classic&quot;}\">\n\t\t\t<div class=\"elementor-widget-wrap elementor-element-populated\">\n\t\t\t\t\t<div class=\"elementor-background-overlay\"><\/div>\n\t\t\t\t\t\t\t\t<div class=\"elementor-element elementor-element-46a019ce elementor-widget__width-auto elementor-widget elementor-widget-heading\" data-id=\"46a019ce\" data-element_type=\"widget\" data-widget_type=\"heading.default\">\n\t\t\t\t<div class=\"elementor-widget-container\">\n\t\t\t<h2 class=\"elementor-heading-title elementor-size-default\">Eu Lidero<\/h2>\t\t<\/div>\n\t\t\t\t<\/div>\n\t\t\t\t<div class=\"elementor-element elementor-element-1a11032 elementor-widget elementor-widget-spacer\" data-id=\"1a11032\" data-element_type=\"widget\" data-widget_type=\"spacer.default\">\n\t\t\t\t<div class=\"elementor-widget-container\">\n\t\t\t<style>\/*! elementor - v3.15.0 - 20-08-2023 *\/\n.elementor-column .elementor-spacer-inner{height:var(--spacer-size)}.e-con{--container-widget-width:100%}.e-con-inner>.elementor-widget-spacer,.e-con>.elementor-widget-spacer{width:var(--container-widget-width,var(--spacer-size));--align-self:var(--container-widget-align-self,initial);--flex-shrink:0}.e-con-inner>.elementor-widget-spacer>.elementor-widget-container,.e-con-inner>.elementor-widget-spacer>.elementor-widget-container>.elementor-spacer,.e-con>.elementor-widget-spacer>.elementor-widget-container,.e-con>.elementor-widget-spacer>.elementor-widget-container>.elementor-spacer{height:100%}.e-con-inner>.elementor-widget-spacer>.elementor-widget-container>.elementor-spacer>.elementor-spacer-inner,.e-con>.elementor-widget-spacer>.elementor-widget-container>.elementor-spacer>.elementor-spacer-inner{height:var(--container-widget-height,var(--spacer-size))}<\/style>\t\t<div class=\"elementor-spacer\">\n\t\t\t<div class=\"elementor-spacer-inner\"><\/div>\n\t\t<\/div>\n\t\t\t\t<\/div>\n\t\t\t\t<\/div>\n\t\t\t\t<div class=\"elementor-element elementor-element-560880b5 elementor-widget elementor-widget-jkit_heading\" data-id=\"560880b5\" data-element_type=\"widget\" data-widget_type=\"jkit_heading.default\">\n\t\t\t\t<div class=\"elementor-widget-container\">\n\t\t\t<div  class=\"jeg-elementor-kit jkit-heading  align-left align-tablet- align-mobile- jeg_module___6a0915845f627\" ><div class=\"heading-section-title  display-inline-block\"><h2 class=\"heading-title\"><\/h2><\/div><div class=\"heading-section-description\"><p>Focado no despertar de uma nova MENTALIDADE, em crescimento continuo para crian\u00e7as e adolescentes, baseado na metodologia do autor n\u00famero 1 em lideran\u00e7a, John Maxwell.<\/p><p>Atendemos escolas p\u00fablicas e privadas, bem como organiza\u00e7\u00f5es do terceiro setor, presencialmente.<\/p><\/div><\/div>\t\t<\/div>\n\t\t\t\t<\/div>\n\t\t\t\t<div class=\"elementor-element elementor-element-a06027a elementor-widget elementor-widget-button\" data-id=\"a06027a\" data-element_type=\"widget\" data-widget_type=\"button.default\">\n\t\t\t\t<div class=\"elementor-widget-container\">\n\t\t\t\t\t<div class=\"elementor-button-wrapper\">\n\t\t\t<a class=\"elementor-button elementor-button-link elementor-size-sm\" href=\"https:\/\/agenciazaion.com.br\/oliveirafoundation\/eu-lidero\/\">\n\t\t\t\t\t\t<span class=\"elementor-button-content-wrapper\">\n\t\t\t\t\t\t<span class=\"elementor-button-icon elementor-align-icon-right\">\n\t\t\t\t<i aria-hidden=\"true\" class=\"fas fa-chevron-right\"><\/i>\t\t\t<\/span>\n\t\t\t\t\t\t<span class=\"elementor-button-text\">Saiba mais<\/span>\n\t\t<\/span>\n\t\t\t\t\t<\/a>\n\t\t<\/div>\n\t\t\t\t<\/div>\n\t\t\t\t<\/div>\n\t\t\t\t\t<\/div>\n\t\t<\/div>\n\t\t\t\t<div class=\"elementor-column elementor-col-33 elementor-top-column elementor-element elementor-element-9f8c354\" data-id=\"9f8c354\" data-element_type=\"column\" data-settings=\"{&quot;background_background&quot;:&quot;classic&quot;}\">\n\t\t\t<div class=\"elementor-widget-wrap elementor-element-populated\">\n\t\t\t\t\t<div class=\"elementor-background-overlay\"><\/div>\n\t\t\t\t\t\t\t\t<div class=\"elementor-element elementor-element-8a16949 elementor-widget__width-auto elementor-widget elementor-widget-heading\" data-id=\"8a16949\" data-element_type=\"widget\" data-widget_type=\"heading.default\">\n\t\t\t\t<div class=\"elementor-widget-container\">\n\t\t\t<h2 class=\"elementor-heading-title elementor-size-default\">Lideran\u00e7a Transformacional<\/h2>\t\t<\/div>\n\t\t\t\t<\/div>\n\t\t\t\t<div class=\"elementor-element elementor-element-2afe967 elementor-widget elementor-widget-spacer\" data-id=\"2afe967\" data-element_type=\"widget\" data-widget_type=\"spacer.default\">\n\t\t\t\t<div class=\"elementor-widget-container\">\n\t\t\t\t\t<div class=\"elementor-spacer\">\n\t\t\t<div class=\"elementor-spacer-inner\"><\/div>\n\t\t<\/div>\n\t\t\t\t<\/div>\n\t\t\t\t<\/div>\n\t\t\t\t<div class=\"elementor-element elementor-element-3206572 elementor-widget elementor-widget-jkit_heading\" data-id=\"3206572\" data-element_type=\"widget\" data-widget_type=\"jkit_heading.default\">\n\t\t\t\t<div class=\"elementor-widget-container\">\n\t\t\t<div  class=\"jeg-elementor-kit jkit-heading  align-left align-tablet- align-mobile- jeg_module__1_6a09158462c7a\" ><div class=\"heading-section-title  display-inline-block\"><h2 class=\"heading-title\"><\/h2><\/div><div class=\"heading-section-description\"><p>Concentrado no despertar de uma Nova<br \/>MENTALIDADE, em crescimento cont\u00ednuo, desenvolvemos uma metodologia a partir das maiores refer\u00eancias em Auto Lideran\u00e7a, Lideran\u00e7a Social, Intelig\u00eancia Emocional, Intelig\u00eancia Social, Psicologia, Comunica\u00e7\u00e3o N\u00e3o-Violenta, campos das personalidades.<\/p><p>Atendemos l\u00edderes sociais, professores, organiza\u00e7\u00f5es do terceiro setor e membros da sociedade interessados em aprimorar suas habilidades, online.<\/p><\/div><\/div>\t\t<\/div>\n\t\t\t\t<\/div>\n\t\t\t\t<div class=\"elementor-element elementor-element-fee275c elementor-widget elementor-widget-button\" data-id=\"fee275c\" data-element_type=\"widget\" data-widget_type=\"button.default\">\n\t\t\t\t<div class=\"elementor-widget-container\">\n\t\t\t\t\t<div class=\"elementor-button-wrapper\">\n\t\t\t<a class=\"elementor-button elementor-button-link elementor-size-sm\" href=\"https:\/\/agenciazaion.com.br\/oliveirafoundation\/eu-lidero\/\">\n\t\t\t\t\t\t<span class=\"elementor-button-content-wrapper\">\n\t\t\t\t\t\t<span class=\"elementor-button-icon elementor-align-icon-right\">\n\t\t\t\t<i aria-hidden=\"true\" class=\"fas fa-chevron-right\"><\/i>\t\t\t<\/span>\n\t\t\t\t\t\t<span class=\"elementor-button-text\">Saiba mais<\/span>\n\t\t<\/span>\n\t\t\t\t\t<\/a>\n\t\t<\/div>\n\t\t\t\t<\/div>\n\t\t\t\t<\/div>\n\t\t\t\t\t<\/div>\n\t\t<\/div>\n\t\t\t\t<div class=\"elementor-column elementor-col-33 elementor-top-column elementor-element elementor-element-252469e\" data-id=\"252469e\" data-element_type=\"column\" data-settings=\"{&quot;background_background&quot;:&quot;classic&quot;}\">\n\t\t\t<div class=\"elementor-widget-wrap elementor-element-populated\">\n\t\t\t\t\t<div class=\"elementor-background-overlay\"><\/div>\n\t\t\t\t\t\t\t\t<div class=\"elementor-element elementor-element-f5bd9fc elementor-widget__width-auto elementor-widget elementor-widget-heading\" data-id=\"f5bd9fc\" data-element_type=\"widget\" data-widget_type=\"heading.default\">\n\t\t\t\t<div class=\"elementor-widget-container\">\n\t\t\t<h2 class=\"elementor-heading-title elementor-size-default\">Mude seu Mundo<\/h2>\t\t<\/div>\n\t\t\t\t<\/div>\n\t\t\t\t<div class=\"elementor-element elementor-element-d946981 elementor-widget elementor-widget-spacer\" data-id=\"d946981\" data-element_type=\"widget\" data-widget_type=\"spacer.default\">\n\t\t\t\t<div class=\"elementor-widget-container\">\n\t\t\t\t\t<div class=\"elementor-spacer\">\n\t\t\t<div class=\"elementor-spacer-inner\"><\/div>\n\t\t<\/div>\n\t\t\t\t<\/div>\n\t\t\t\t<\/div>\n\t\t\t\t<div class=\"elementor-element elementor-element-1afa1e6 elementor-widget elementor-widget-jkit_heading\" data-id=\"1afa1e6\" data-element_type=\"widget\" data-widget_type=\"jkit_heading.default\">\n\t\t\t\t<div class=\"elementor-widget-container\">\n\t\t\t<div  class=\"jeg-elementor-kit jkit-heading  align-left align-tablet- align-mobile- jeg_module__2_6a091584652af\" ><div class=\"heading-section-title  display-inline-block\"><h2 class=\"heading-title\"><\/h2><\/div><div class=\"heading-section-description\"><p>Este programa concentra-se no desenvolvimento de uma Lideran\u00e7a Social de Valor, criado por John Maxwell, refer\u00eancia mundial em lideran\u00e7a. Seu objetivo \u00e9 trabalhar bons valores para que o mundo se torne um lugar mais amig\u00e1vel, solid\u00e1rio e repleto de boas obras.<\/p><p>Atendemos l\u00edderes sociais, professores, organiza\u00e7\u00f5es do terceiro setor, p\u00fablico e privado e membros da sociedade interessados em desenvolver uma Lideran\u00e7a de Valor, de forma online, 100% aplic\u00e1vel pelo pr\u00f3prio participante.<\/p><\/div><\/div>\t\t<\/div>\n\t\t\t\t<\/div>\n\t\t\t\t<div class=\"elementor-element elementor-element-c1ab840 elementor-widget elementor-widget-button\" data-id=\"c1ab840\" data-element_type=\"widget\" data-widget_type=\"button.default\">\n\t\t\t\t<div class=\"elementor-widget-container\">\n\t\t\t\t\t<div class=\"elementor-button-wrapper\">\n\t\t\t<a class=\"elementor-button elementor-button-link elementor-size-sm\" href=\"https:\/\/agenciazaion.com.br\/oliveirafoundation\/eu-lidero\/\">\n\t\t\t\t\t\t<span class=\"elementor-button-content-wrapper\">\n\t\t\t\t\t\t<span class=\"elementor-button-icon elementor-align-icon-right\">\n\t\t\t\t<i aria-hidden=\"true\" class=\"fas fa-chevron-right\"><\/i>\t\t\t<\/span>\n\t\t\t\t\t\t<span class=\"elementor-button-text\">Saiba mais<\/span>\n\t\t<\/span>\n\t\t\t\t\t<\/a>\n\t\t<\/div>\n\t\t\t\t<\/div>\n\t\t\t\t<\/div>\n\t\t\t\t\t<\/div>\n\t\t<\/div>\n\t\t\t\t\t\t\t<\/div>\n\t\t<\/section>\n\t\t\t\t\t\t\t<\/div>\n\t\t","protected":false},"excerpt":{"rendered":"<p>Nossa Causa Home Nossa Causa Por que a Oliveira Foundation trabalha no despertar de uma nova MENTALIDADE? Por uma raz\u00e3o fundamental: cada pessoa possui uma hist\u00f3ria moldada por suas a\u00e7\u00f5es ao longo do tempo. Essas a\u00e7\u00f5es s\u00e3o reflexo do aprendizado de vida, incorporando tudo que a pessoa viu, ouviu e sentiu em cada situa\u00e7\u00e3o. Esse &#8230; <a title=\"Nossa Causa\" class=\"read-more\" href=\"https:\/\/agenciazaion.com.br\/oliveirafoundation\/nossa-causa\/\" aria-label=\"More on Nossa Causa\">Ler mais<\/a><\/p>\n","protected":false},"author":1,"featured_media":0,"parent":0,"menu_order":0,"comment_status":"closed","ping_status":"closed","template":"elementor_header_footer","meta":{"footnotes":""},"_links":{"self":[{"href":"https:\/\/agenciazaion.com.br\/oliveirafoundation\/wp-json\/wp\/v2\/pages\/598"}],"collection":[{"href":"https:\/\/agenciazaion.com.br\/oliveirafoundation\/wp-json\/wp\/v2\/pages"}],"about":[{"href":"https:\/\/agenciazaion.com.br\/oliveirafoundation\/wp-json\/wp\/v2\/types\/page"}],"author":[{"embeddable":true,"href":"https:\/\/agenciazaion.com.br\/oliveirafoundation\/wp-json\/wp\/v2\/users\/1"}],"replies":[{"embeddable":true,"href":"https:\/\/agenciazaion.com.br\/oliveirafoundation\/wp-json\/wp\/v2\/comments?post=598"}],"version-history":[{"count":13,"href":"https:\/\/agenciazaion.com.br\/oliveirafoundation\/wp-json\/wp\/v2\/pages\/598\/revisions"}],"predecessor-version":[{"id":761,"href":"https:\/\/agenciazaion.com.br\/oliveirafoundation\/wp-json\/wp\/v2\/pages\/598\/revisions\/761"}],"wp:attachment":[{"href":"https:\/\/agenciazaion.com.br\/oliveirafoundation\/wp-json\/wp\/v2\/media?parent=598"}],"curies":[{"name":"wp","href":"https:\/\/api.w.org\/{rel}","templated":true}]}}