{"id":179,"date":"2023-09-09T03:18:12","date_gmt":"2023-09-09T06:18:12","guid":{"rendered":"https:\/\/agenciazaion.com.br\/oliveirafoundation\/?page_id=179"},"modified":"2023-11-03T15:42:52","modified_gmt":"2023-11-03T18:42:52","slug":"nossos-fundadores","status":"publish","type":"page","link":"https:\/\/agenciazaion.com.br\/oliveirafoundation\/nossos-fundadores\/","title":{"rendered":"Nossos Fundadores"},"content":{"rendered":"\t\t<div data-elementor-type=\"wp-page\" data-elementor-id=\"179\" class=\"elementor elementor-179\" data-elementor-post-type=\"page\">\n\t\t\t\t\t\t\t\t\t<section class=\"elementor-section elementor-top-section elementor-element elementor-element-365a9e35 elementor-section-boxed elementor-section-height-default elementor-section-height-default\" data-id=\"365a9e35\" data-element_type=\"section\" data-settings=\"{&quot;background_background&quot;:&quot;classic&quot;}\">\n\t\t\t\t\t\t\t<div class=\"elementor-background-overlay\"><\/div>\n\t\t\t\t\t\t\t<div class=\"elementor-container elementor-column-gap-default\">\n\t\t\t\t\t<div class=\"elementor-column elementor-col-100 elementor-top-column elementor-element elementor-element-20de02fa\" data-id=\"20de02fa\" data-element_type=\"column\">\n\t\t\t<div class=\"elementor-widget-wrap elementor-element-populated\">\n\t\t\t\t\t\t\t\t<div class=\"elementor-element elementor-element-59554cd9 elementor-widget elementor-widget-heading\" data-id=\"59554cd9\" data-element_type=\"widget\" data-widget_type=\"heading.default\">\n\t\t\t\t<div class=\"elementor-widget-container\">\n\t\t\t<style>\/*! elementor - v3.15.0 - 20-08-2023 *\/\n.elementor-heading-title{padding:0;margin:0;line-height:1}.elementor-widget-heading .elementor-heading-title[class*=elementor-size-]>a{color:inherit;font-size:inherit;line-height:inherit}.elementor-widget-heading .elementor-heading-title.elementor-size-small{font-size:15px}.elementor-widget-heading .elementor-heading-title.elementor-size-medium{font-size:19px}.elementor-widget-heading .elementor-heading-title.elementor-size-large{font-size:29px}.elementor-widget-heading .elementor-heading-title.elementor-size-xl{font-size:39px}.elementor-widget-heading .elementor-heading-title.elementor-size-xxl{font-size:59px}<\/style><h2 class=\"elementor-heading-title elementor-size-default\">Nossos Fundadores<\/h2>\t\t<\/div>\n\t\t\t\t<\/div>\n\t\t\t\t<div class=\"elementor-element elementor-element-356de5bb elementor-icon-list--layout-inline elementor-align-center elementor-list-item-link-full_width elementor-widget elementor-widget-icon-list\" data-id=\"356de5bb\" data-element_type=\"widget\" data-widget_type=\"icon-list.default\">\n\t\t\t\t<div class=\"elementor-widget-container\">\n\t\t\t<link rel=\"stylesheet\" href=\"https:\/\/agenciazaion.com.br\/oliveirafoundation\/wp-content\/plugins\/elementor\/assets\/css\/widget-icon-list.min.css\">\t\t<ul class=\"elementor-icon-list-items elementor-inline-items\">\n\t\t\t\t\t\t\t<li class=\"elementor-icon-list-item elementor-inline-item\">\n\t\t\t\t\t\t\t\t\t\t\t<a href=\"https:\/\/agenciazaion.com.br\/oliveirafoundation\">\n\n\t\t\t\t\t\t\t\t\t\t\t<span class=\"elementor-icon-list-text\">Home<\/span>\n\t\t\t\t\t\t\t\t\t\t\t<\/a>\n\t\t\t\t\t\t\t\t\t<\/li>\n\t\t\t\t\t\t\t\t<li class=\"elementor-icon-list-item elementor-inline-item\">\n\t\t\t\t\t\t\t\t\t\t\t<span class=\"elementor-icon-list-icon\">\n\t\t\t\t\t\t\t<i aria-hidden=\"true\" class=\"fas fa-chevron-right\"><\/i>\t\t\t\t\t\t<\/span>\n\t\t\t\t\t\t\t\t\t\t<span class=\"elementor-icon-list-text\">Quem somos<\/span>\n\t\t\t\t\t\t\t\t\t<\/li>\n\t\t\t\t\t\t<\/ul>\n\t\t\t\t<\/div>\n\t\t\t\t<\/div>\n\t\t\t\t\t<\/div>\n\t\t<\/div>\n\t\t\t\t\t\t\t<\/div>\n\t\t<\/section>\n\t\t\t\t<section class=\"elementor-section elementor-top-section elementor-element elementor-element-412cb1de elementor-reverse-tablet elementor-reverse-mobile elementor-section-boxed elementor-section-height-default elementor-section-height-default\" data-id=\"412cb1de\" data-element_type=\"section\">\n\t\t\t\t\t\t<div class=\"elementor-container elementor-column-gap-default\">\n\t\t\t\t\t<div class=\"elementor-column elementor-col-50 elementor-top-column elementor-element elementor-element-291f48fb\" data-id=\"291f48fb\" data-element_type=\"column\">\n\t\t\t<div class=\"elementor-widget-wrap elementor-element-populated\">\n\t\t\t\t\t\t\t\t<div class=\"elementor-element elementor-element-7999a8bb elementor-widget__width-initial elementor-widget-tablet__width-initial elementor-widget elementor-widget-image\" data-id=\"7999a8bb\" data-element_type=\"widget\" data-widget_type=\"image.default\">\n\t\t\t\t<div class=\"elementor-widget-container\">\n\t\t\t<style>\/*! elementor - v3.15.0 - 20-08-2023 *\/\n.elementor-widget-image{text-align:center}.elementor-widget-image a{display:inline-block}.elementor-widget-image a img[src$=\".svg\"]{width:48px}.elementor-widget-image img{vertical-align:middle;display:inline-block}<\/style>\t\t\t\t\t\t\t\t\t\t\t\t<img loading=\"lazy\" width=\"1707\" height=\"2560\" src=\"https:\/\/agenciazaion.com.br\/oliveirafoundation\/wp-content\/uploads\/2023\/09\/DSC07108-scaled.webp\" class=\"attachment-full size-full wp-image-447\" alt=\"\" decoding=\"async\" srcset=\"https:\/\/agenciazaion.com.br\/oliveirafoundation\/wp-content\/uploads\/2023\/09\/DSC07108-scaled.webp 1707w, https:\/\/agenciazaion.com.br\/oliveirafoundation\/wp-content\/uploads\/2023\/09\/DSC07108-scaled-600x900.webp 600w, https:\/\/agenciazaion.com.br\/oliveirafoundation\/wp-content\/uploads\/2023\/09\/DSC07108-200x300.webp 200w, https:\/\/agenciazaion.com.br\/oliveirafoundation\/wp-content\/uploads\/2023\/09\/DSC07108-683x1024.webp 683w, https:\/\/agenciazaion.com.br\/oliveirafoundation\/wp-content\/uploads\/2023\/09\/DSC07108-768x1152.webp 768w, https:\/\/agenciazaion.com.br\/oliveirafoundation\/wp-content\/uploads\/2023\/09\/DSC07108-1024x1536.webp 1024w, https:\/\/agenciazaion.com.br\/oliveirafoundation\/wp-content\/uploads\/2023\/09\/DSC07108-1365x2048.webp 1365w\" sizes=\"(max-width: 1707px) 100vw, 1707px\" \/>\t\t\t\t\t\t\t\t\t\t\t\t\t\t\t<\/div>\n\t\t\t\t<\/div>\n\t\t\t\t<div class=\"elementor-element elementor-element-2358b54c elementor-widget__width-initial elementor-absolute elementor-widget elementor-widget-image\" data-id=\"2358b54c\" data-element_type=\"widget\" data-settings=\"{&quot;_position&quot;:&quot;absolute&quot;}\" data-widget_type=\"image.default\">\n\t\t\t\t<div class=\"elementor-widget-container\">\n\t\t\t\t\t\t\t\t\t\t\t\t\t\t\t<img decoding=\"async\" src=\"https:\/\/agenciazaion.com.br\/oliveirafoundation\/wp-content\/uploads\/elementor\/thumbs\/DSC06993-scaled-qcn0w7tb4h6mo9g2xq84oy23u73kpoje19tqskkftc.webp\" title=\"DSC06993\" alt=\"DSC06993\" loading=\"lazy\" \/>\t\t\t\t\t\t\t\t\t\t\t\t\t\t\t<\/div>\n\t\t\t\t<\/div>\n\t\t\t\t\t<\/div>\n\t\t<\/div>\n\t\t\t\t<div class=\"elementor-column elementor-col-50 elementor-top-column elementor-element elementor-element-6056d00b\" data-id=\"6056d00b\" data-element_type=\"column\">\n\t\t\t<div class=\"elementor-widget-wrap elementor-element-populated\">\n\t\t\t\t\t\t\t\t<div class=\"elementor-element elementor-element-32faf847 elementor-widget elementor-widget-heading\" data-id=\"32faf847\" data-element_type=\"widget\" data-widget_type=\"heading.default\">\n\t\t\t\t<div class=\"elementor-widget-container\">\n\t\t\t<h2 class=\"elementor-heading-title elementor-size-default\">Sobre n\u00f3s<\/h2>\t\t<\/div>\n\t\t\t\t<\/div>\n\t\t\t\t<div class=\"elementor-element elementor-element-a985347 elementor-widget elementor-widget-heading\" data-id=\"a985347\" data-element_type=\"widget\" data-widget_type=\"heading.default\">\n\t\t\t\t<div class=\"elementor-widget-container\">\n\t\t\t<h2 class=\"elementor-heading-title elementor-size-default\">Fabiane Oliveira<\/h2>\t\t<\/div>\n\t\t\t\t<\/div>\n\t\t\t\t<div class=\"elementor-element elementor-element-bcb4bd2 elementor-widget elementor-widget-heading\" data-id=\"bcb4bd2\" data-element_type=\"widget\" data-widget_type=\"heading.default\">\n\t\t\t\t<div class=\"elementor-widget-container\">\n\t\t\t<h2 class=\"elementor-heading-title elementor-size-default\">Fundadora da Oliveira Foundation<\/h2>\t\t<\/div>\n\t\t\t\t<\/div>\n\t\t\t\t<div class=\"elementor-element elementor-element-1bd0c8d elementor-widget elementor-widget-text-editor\" data-id=\"1bd0c8d\" data-element_type=\"widget\" data-widget_type=\"text-editor.default\">\n\t\t\t\t<div class=\"elementor-widget-container\">\n\t\t\t<style>\/*! elementor - v3.15.0 - 20-08-2023 *\/\n.elementor-widget-text-editor.elementor-drop-cap-view-stacked .elementor-drop-cap{background-color:#69727d;color:#fff}.elementor-widget-text-editor.elementor-drop-cap-view-framed .elementor-drop-cap{color:#69727d;border:3px solid;background-color:transparent}.elementor-widget-text-editor:not(.elementor-drop-cap-view-default) .elementor-drop-cap{margin-top:8px}.elementor-widget-text-editor:not(.elementor-drop-cap-view-default) .elementor-drop-cap-letter{width:1em;height:1em}.elementor-widget-text-editor .elementor-drop-cap{float:left;text-align:center;line-height:1;font-size:50px}.elementor-widget-text-editor .elementor-drop-cap-letter{display:inline-block}<\/style>\t\t\t\t<p>Fabiane Oliveira, a vision\u00e1ria fundadora da Oliveira Foundation, \u00e9 um exemplo not\u00e1vel de supera\u00e7\u00e3o. Ela cresceu em uma comunidade financeiramente desfavorecida na Vila Aparecida, pr\u00f3xima \u00e0 Favela do S\u00e3o Camilo. Mas aqui est\u00e1 a beleza da hist\u00f3ria: seus pais nunca a ensinaram que a pobreza era seu destino, eles a instru\u00edram que a pobreza era apenas uma etapa em seu caminho.<\/p><p>Aos 14 anos, Fabiane desafiou todas as expectativas ao conquistar seu primeiro emprego no Banco do Brasil por meio de um concurso. Ela reconheceu que para mudar sua vida, precisaria adotar novos comportamentos, e assim o fez. Com muito esfor\u00e7o, estudo, dedica\u00e7\u00e3o e f\u00e9, ela tra\u00e7ou um caminho impressionante. Hoje, Fabiane \u00e9 m\u00e3e de tr\u00eas filhos e \u00e9 casada com Thiago Oliveira, uma empres\u00e1ria de sucesso em diversos setores e uma inspira\u00e7\u00e3o para todos n\u00f3s. Ela entende a import\u00e2ncia de retribuir e, de maneira emocionante, transformou suas humildes reuni\u00f5es com pacotes de bolacha e copos de suco em uma base s\u00f3lida para a Oliveira Foundation.<\/p><p>A Oliveira Foundation \u00e9 uma extens\u00e3o do cora\u00e7\u00e3o de Fabiane, uma funda\u00e7\u00e3o nascida de sua miss\u00e3o de servir e contribuir. Sua hist\u00f3ria \u00e9 um lembrete poderoso de que n\u00e3o importa de onde voc\u00ea venha, com determina\u00e7\u00e3o, f\u00e9 e a cren\u00e7a de que a pobreza n\u00e3o \u00e9 um destino, mas uma passagem, voc\u00ea pode alcan\u00e7ar grandes realiza\u00e7\u00f5es e, mais importante, fazer a diferen\u00e7a na vida de outras pessoas.<\/p>\t\t\t\t\t\t<\/div>\n\t\t\t\t<\/div>\n\t\t\t\t\t<\/div>\n\t\t<\/div>\n\t\t\t\t\t\t\t<\/div>\n\t\t<\/section>\n\t\t\t\t<section class=\"elementor-section elementor-top-section elementor-element elementor-element-74183c8 elementor-section-content-middle elementor-section-boxed elementor-section-height-default elementor-section-height-default\" data-id=\"74183c8\" data-element_type=\"section\" data-settings=\"{&quot;background_background&quot;:&quot;classic&quot;}\">\n\t\t\t\t\t\t\t<div class=\"elementor-background-overlay\"><\/div>\n\t\t\t\t\t\t\t<div class=\"elementor-container elementor-column-gap-default\">\n\t\t\t\t\t<div class=\"elementor-column elementor-col-100 elementor-top-column elementor-element elementor-element-61f6e8a3\" data-id=\"61f6e8a3\" data-element_type=\"column\">\n\t\t\t<div class=\"elementor-widget-wrap elementor-element-populated\">\n\t\t\t\t\t\t\t\t<div class=\"elementor-element elementor-element-71e729e8 elementor-widget elementor-widget-heading\" data-id=\"71e729e8\" data-element_type=\"widget\" data-widget_type=\"heading.default\">\n\t\t\t\t<div class=\"elementor-widget-container\">\n\t\t\t<h2 class=\"elementor-heading-title elementor-size-default\">Por que escolheu a Educa\u00e7\u00e3o Socioemocional?<\/h2>\t\t<\/div>\n\t\t\t\t<\/div>\n\t\t<div class=\"elementor-element elementor-element-6355e61 e-flex e-con-boxed e-con\" data-id=\"6355e61\" data-element_type=\"container\" data-settings=\"{&quot;content_width&quot;:&quot;boxed&quot;}\">\n\t\t\t\t\t<div class=\"e-con-inner\">\n\t\t\t\t<div class=\"elementor-element elementor-element-7badaa3 elementor-widget elementor-widget-text-editor\" data-id=\"7badaa3\" data-element_type=\"widget\" data-widget_type=\"text-editor.default\">\n\t\t\t\t<div class=\"elementor-widget-container\">\n\t\t\t\t\t\t\t<p>Porque mesmo sem aprender sobre Educa\u00e7\u00e3o Socioemocional no passado, foi o emocional fortalecido, aliado a uma f\u00e9 inabal\u00e1vel que viraram a chave da sua vida. Ent\u00e3o, h\u00e1 4 anos, decidiu se dedicar 100% a levar Educa\u00e7\u00e3o Socioemocional, lideran\u00e7a e bons valores para o Brasil e pa\u00edses de l\u00edngua portuguesa. Hoje a Oliveira Foundation atua dentro das favelas e comunidades, escolas e organiza\u00e7\u00f5es trazendo para o indiv\u00edduo a sua identidade, resgatando sonhos, mostrando que \u00e9 poss\u00edvel, se tiverem o incentivo correto, se acreditarem, com bons valores, podemos fazer grandes transforma\u00e7\u00f5es.<\/p>\t\t\t\t\t\t<\/div>\n\t\t\t\t<\/div>\n\t\t<div class=\"elementor-element elementor-element-3a48e20 e-flex e-con-boxed e-con\" data-id=\"3a48e20\" data-element_type=\"container\" data-settings=\"{&quot;content_width&quot;:&quot;boxed&quot;}\">\n\t\t\t\t\t<div class=\"e-con-inner\">\n\t\t\t\t<div class=\"elementor-element elementor-element-54208e3 elementor-widget elementor-widget-text-editor\" data-id=\"54208e3\" data-element_type=\"widget\" data-widget_type=\"text-editor.default\">\n\t\t\t\t<div class=\"elementor-widget-container\">\n\t\t\t\t\t\t\t<p>&#8220;Podemos ter acesso a grandes tecnologias e inova\u00e7\u00e3o, mas nada substitui a Educa\u00e7\u00e3o, nada substitui bons valores e alqu\u00e9m que acredita no seu potencial. Fabiane Oliveira \u00e9 fruto dessa transforma\u00e7\u00e3o, assim como foi poss\u00edvel em sua vida, pode ser poss\u00edvel para outras milhares de crian\u00e7as, adolescentes e adultos.\u201d<\/p>\t\t\t\t\t\t<\/div>\n\t\t\t\t<\/div>\n\t\t\t\t\t<\/div>\n\t\t\t\t<\/div>\n\t\t\t\t\t<\/div>\n\t\t\t\t<\/div>\n\t\t\t\t\t<\/div>\n\t\t<\/div>\n\t\t\t\t\t\t\t<\/div>\n\t\t<\/section>\n\t\t\t\t<section class=\"elementor-section elementor-top-section elementor-element elementor-element-ac2b5ed elementor-reverse-tablet elementor-reverse-mobile elementor-section-boxed elementor-section-height-default elementor-section-height-default\" data-id=\"ac2b5ed\" data-element_type=\"section\">\n\t\t\t\t\t\t<div class=\"elementor-container elementor-column-gap-default\">\n\t\t\t\t\t<div class=\"elementor-column elementor-col-50 elementor-top-column elementor-element elementor-element-f284fea\" data-id=\"f284fea\" data-element_type=\"column\">\n\t\t\t<div class=\"elementor-widget-wrap elementor-element-populated\">\n\t\t\t\t\t\t\t\t<div class=\"elementor-element elementor-element-c5eaa33 elementor-widget__width-initial elementor-widget-tablet__width-initial elementor-widget elementor-widget-image\" data-id=\"c5eaa33\" data-element_type=\"widget\" data-widget_type=\"image.default\">\n\t\t\t\t<div class=\"elementor-widget-container\">\n\t\t\t\t\t\t\t\t\t\t\t\t\t\t\t<img loading=\"lazy\" width=\"1707\" height=\"2560\" src=\"https:\/\/agenciazaion.com.br\/oliveirafoundation\/wp-content\/uploads\/2023\/09\/DSC06993-scaled.webp\" class=\"attachment-full size-full wp-image-445\" alt=\"\" decoding=\"async\" srcset=\"https:\/\/agenciazaion.com.br\/oliveirafoundation\/wp-content\/uploads\/2023\/09\/DSC06993-scaled.webp 1707w, https:\/\/agenciazaion.com.br\/oliveirafoundation\/wp-content\/uploads\/2023\/09\/DSC06993-scaled-600x900.webp 600w, https:\/\/agenciazaion.com.br\/oliveirafoundation\/wp-content\/uploads\/2023\/09\/DSC06993-200x300.webp 200w, https:\/\/agenciazaion.com.br\/oliveirafoundation\/wp-content\/uploads\/2023\/09\/DSC06993-683x1024.webp 683w, https:\/\/agenciazaion.com.br\/oliveirafoundation\/wp-content\/uploads\/2023\/09\/DSC06993-768x1152.webp 768w, https:\/\/agenciazaion.com.br\/oliveirafoundation\/wp-content\/uploads\/2023\/09\/DSC06993-1024x1536.webp 1024w, https:\/\/agenciazaion.com.br\/oliveirafoundation\/wp-content\/uploads\/2023\/09\/DSC06993-1365x2048.webp 1365w\" sizes=\"(max-width: 1707px) 100vw, 1707px\" \/>\t\t\t\t\t\t\t\t\t\t\t\t\t\t\t<\/div>\n\t\t\t\t<\/div>\n\t\t\t\t\t<\/div>\n\t\t<\/div>\n\t\t\t\t<div class=\"elementor-column elementor-col-50 elementor-top-column elementor-element elementor-element-8bc8756\" data-id=\"8bc8756\" data-element_type=\"column\">\n\t\t\t<div class=\"elementor-widget-wrap elementor-element-populated\">\n\t\t\t\t\t\t\t\t<div class=\"elementor-element elementor-element-d4ba974 elementor-widget elementor-widget-heading\" data-id=\"d4ba974\" data-element_type=\"widget\" data-widget_type=\"heading.default\">\n\t\t\t\t<div class=\"elementor-widget-container\">\n\t\t\t<h2 class=\"elementor-heading-title elementor-size-default\">Sobre n\u00f3s<\/h2>\t\t<\/div>\n\t\t\t\t<\/div>\n\t\t\t\t<div class=\"elementor-element elementor-element-9aeaa78 elementor-widget elementor-widget-heading\" data-id=\"9aeaa78\" data-element_type=\"widget\" data-widget_type=\"heading.default\">\n\t\t\t\t<div class=\"elementor-widget-container\">\n\t\t\t<h2 class=\"elementor-heading-title elementor-size-default\">Thiago Oliveira<\/h2>\t\t<\/div>\n\t\t\t\t<\/div>\n\t\t\t\t<div class=\"elementor-element elementor-element-906ce9b elementor-widget elementor-widget-heading\" data-id=\"906ce9b\" data-element_type=\"widget\" data-widget_type=\"heading.default\">\n\t\t\t\t<div class=\"elementor-widget-container\">\n\t\t\t<h2 class=\"elementor-heading-title elementor-size-default\">Empreendedor e Investidor Anjo<\/h2>\t\t<\/div>\n\t\t\t\t<\/div>\n\t\t\t\t<div class=\"elementor-element elementor-element-bc094b1 elementor-widget elementor-widget-text-editor\" data-id=\"bc094b1\" data-element_type=\"widget\" data-widget_type=\"text-editor.default\">\n\t\t\t\t<div class=\"elementor-widget-container\">\n\t\t\t\t\t\t\t<p><span style=\"font-weight: 400;\">Nasceu na zona Leste de S\u00e3o Paulo, ao lado da Favela Morro do Canga\u00edba. Apesar de sempre ter tido acesso a uma alimenta\u00e7\u00e3o farta e saud\u00e1vel, nunca ter tido dificuldades nessa \u00e1rea porque seus pais trabalhavam dia e noite para sustentar a fam\u00edlia, emocionalmente a hist\u00f3ria de Thiago era diferente.<\/span><\/p><p><span style=\"font-weight: 400;\">A falta de estabilidade emocional no lar da sua inf\u00e2ncia e a separa\u00e7\u00e3o de seus pais abalaram sua estrutura familiar, levando-o a sair de casa muito cedo e morar com amigos.<\/span><\/p><p><span style=\"font-weight: 400;\">Adolescente, estudou em uma escola onde o lema era: <\/span><i><span style=\"font-weight: 400;\">\u201cPadre Ant\u00e3o, entra burro e sai ladr\u00e3o\u201d<\/span><\/i><span style=\"font-weight: 400;\">. Aos 17 anos come\u00e7ou a trabalhar como office boy em um escrit\u00f3rio perto de onde morava, conheceu muita gente nesse per\u00edodo, influ\u00eancias boas e ruins, como tudo na vida. Nesse per\u00edodo se viu em uma encruzilhada e quase se desequilibrou seguindo o lado errado da hist\u00f3ria. Mas pela Gra\u00e7a, foi alcan\u00e7ado por uma amizade especial ao qual teve a oportunidade de conhecer estruturas mais equilibradas e assim poder refletir melhor quais seriam as escolhas que faria dali pela frente para a vida.<\/span><\/p><p><span style=\"font-weight: 400;\">E a escolha foi: ser bem-sucedido profissionalmente, na fam\u00edlia e ter uma vida sustent\u00e1vel. Para isso teria que renovar a mentalidade sobre muitas coisas que viu, ouviu e sentiu na sua inf\u00e2ncia, que teriam formado o Thiago at\u00e9 ali. E assim prosseguiu, at\u00e9 que conheceu a Fabiane, uma menina com a cabe\u00e7a nas estrelas e os p\u00e9s no ch\u00e3o, e prometeu ser esposo de uma mulher s\u00f3, entregar a ela e a fam\u00edlia o melhor do suor do seu rosto, do seu trabalho digno. Decidiu que deles nasceria a fam\u00edlia estruturada que ele n\u00e3o teve.\u00a0<\/span><\/p>\t\t\t\t\t\t<\/div>\n\t\t\t\t<\/div>\n\t\t\t\t\t<\/div>\n\t\t<\/div>\n\t\t\t\t\t\t\t<\/div>\n\t\t<\/section>\n\t\t<div class=\"elementor-element elementor-element-a7fd868 e-flex e-con-boxed e-con\" data-id=\"a7fd868\" data-element_type=\"container\" data-settings=\"{&quot;content_width&quot;:&quot;boxed&quot;}\">\n\t\t\t\t\t<div class=\"e-con-inner\">\n\t\t\t\t<div class=\"elementor-element elementor-element-578a6f7 elementor-widget elementor-widget-text-editor\" data-id=\"578a6f7\" data-element_type=\"widget\" data-widget_type=\"text-editor.default\">\n\t\t\t\t<div class=\"elementor-widget-container\">\n\t\t\t\t\t\t\t<p><span style=\"font-weight: 400;\">Ap\u00f3s muito esfor\u00e7o, f\u00e9 e trabalho duro, Thiago como office boy e &#8220;carteira branca\u201d (sem nunca ser registrado por nenhuma empresa) teve a vis\u00e3o de come\u00e7ar a empreender, acreditou no seu sonho e, contando para um conhecido, conseguiu os famosos (e sonhados) primeiros R$17.000,00 para come\u00e7ar o seu neg\u00f3cio.<\/span><\/p><p><span style=\"font-weight: 400;\">Lutas, quebras e tudo o que acompanha a trajet\u00f3ria de um empreendedor sem experi\u00eancia (e sem refer\u00eancia familiar pr\u00e9via) aconteceram, mas esse sonho n\u00e3o tinha lugar para desist\u00eancia, porque Thiago n\u00e3o tinha um lugar melhor para voltar. E 16 anos depois, alcan\u00e7ou a independ\u00eancia financeira, vendeu sua empresa para um fundo Californiano e entregou sua primeira promessa de vida. Hoje vive uma vida 100% intencional, com escolhas direcionadas para manter suas promessas e ver seus sonhos se realizarem.\u00a0\u00a0<\/span><\/p><p><span style=\"font-weight: 400;\">Thiago Oliveira \u00e9 empreendedor, Investidor Anjo e autor dos livros \u201cPense dentro da caixa\u201d e \u201cOs segredos da gest\u00e3o \u00e1gil por tr\u00e1s das empresas valiosas\u201d. \u00c9 cofundador da Oliveira Foundation, s\u00f3cio da Proseftur Assessoria, Ace Startups, Bossa Nova, Zebra C\u00e2mbios e Conselheiro da Gerando Falc\u00f5es.<\/span><\/p>\t\t\t\t\t\t<\/div>\n\t\t\t\t<\/div>\n\t\t\t\t\t<\/div>\n\t\t\t\t<\/div>\n\t\t\t\t\t\t\t<\/div>\n\t\t","protected":false},"excerpt":{"rendered":"<p>Nossos Fundadores Home Quem somos Sobre n\u00f3s Fabiane Oliveira Fundadora da Oliveira Foundation Fabiane Oliveira, a vision\u00e1ria fundadora da Oliveira Foundation, \u00e9 um exemplo not\u00e1vel de supera\u00e7\u00e3o. Ela cresceu em uma comunidade financeiramente desfavorecida na Vila Aparecida, pr\u00f3xima \u00e0 Favela do S\u00e3o Camilo. Mas aqui est\u00e1 a beleza da hist\u00f3ria: seus pais nunca a ensinaram &#8230; <a title=\"Nossos Fundadores\" class=\"read-more\" href=\"https:\/\/agenciazaion.com.br\/oliveirafoundation\/nossos-fundadores\/\" aria-label=\"More on Nossos Fundadores\">Ler mais<\/a><\/p>\n","protected":false},"author":1,"featured_media":0,"parent":0,"menu_order":0,"comment_status":"closed","ping_status":"closed","template":"elementor_header_footer","meta":{"footnotes":""},"_links":{"self":[{"href":"https:\/\/agenciazaion.com.br\/oliveirafoundation\/wp-json\/wp\/v2\/pages\/179"}],"collection":[{"href":"https:\/\/agenciazaion.com.br\/oliveirafoundation\/wp-json\/wp\/v2\/pages"}],"about":[{"href":"https:\/\/agenciazaion.com.br\/oliveirafoundation\/wp-json\/wp\/v2\/types\/page"}],"author":[{"embeddable":true,"href":"https:\/\/agenciazaion.com.br\/oliveirafoundation\/wp-json\/wp\/v2\/users\/1"}],"replies":[{"embeddable":true,"href":"https:\/\/agenciazaion.com.br\/oliveirafoundation\/wp-json\/wp\/v2\/comments?post=179"}],"version-history":[{"count":35,"href":"https:\/\/agenciazaion.com.br\/oliveirafoundation\/wp-json\/wp\/v2\/pages\/179\/revisions"}],"predecessor-version":[{"id":722,"href":"https:\/\/agenciazaion.com.br\/oliveirafoundation\/wp-json\/wp\/v2\/pages\/179\/revisions\/722"}],"wp:attachment":[{"href":"https:\/\/agenciazaion.com.br\/oliveirafoundation\/wp-json\/wp\/v2\/media?parent=179"}],"curies":[{"name":"wp","href":"https:\/\/api.w.org\/{rel}","templated":true}]}}